{"id":5958,"date":"2020-04-01T09:13:11","date_gmt":"2020-04-01T09:13:11","guid":{"rendered":"https:\/\/www.sangiroom.it\/info-e-prenotazioni\/"},"modified":"2021-07-27T10:02:51","modified_gmt":"2021-07-27T08:02:51","slug":"info-and-booking","status":"publish","type":"page","link":"https:\/\/www.sangiroom.it\/en\/info-and-booking\/","title":{"rendered":"Info &#038; Booking"},"content":{"rendered":"\t\t<div data-elementor-type=\"wp-page\" data-elementor-id=\"5958\" class=\"elementor elementor-5958 elementor-2694\" data-elementor-settings=\"[]\">\n\t\t\t\t\t\t\t<div class=\"elementor-section-wrap\">\n\t\t\t\t\t\t\t<section class=\"elementor-section elementor-top-section elementor-element elementor-element-ba24173 elementor-section-full_width qodef-elementor-content-grid elementor-section-height-default elementor-section-height-default\" data-id=\"ba24173\" data-element_type=\"section\">\n\t\t\t\t\t\t<div class=\"elementor-container elementor-column-gap-no\">\n\t\t\t\t\t<div class=\"elementor-column elementor-col-100 elementor-top-column elementor-element elementor-element-ad81f16\" data-id=\"ad81f16\" data-element_type=\"column\">\n\t\t\t<div class=\"elementor-widget-wrap elementor-element-populated\">\n\t\t\t\t\t\t\t\t<div class=\"elementor-element elementor-element-3c033ef elementor-widget elementor-widget-text-editor\" data-id=\"3c033ef\" data-element_type=\"widget\" data-widget_type=\"text-editor.default\">\n\t\t\t\t<div class=\"elementor-widget-container\">\n\t\t\t\t\t\t\t\t<h2>SERVIZI E POLICY<\/h2>\t\t\t\t\t\t<\/div>\n\t\t\t\t<\/div>\n\t\t\t\t<div class=\"elementor-element elementor-element-3dc2385 elementor-widget elementor-widget-alloggio_core_accordion\" data-id=\"3dc2385\" data-element_type=\"widget\" data-widget_type=\"alloggio_core_accordion.default\">\n\t\t\t\t<div class=\"elementor-widget-container\">\n\t\t\t<div class=\"qodef-shortcode qodef-m  qodef-accordion clear qodef-behavior--accordion qodef-layout--simple\">\n\t<h4 class=\"qodef-accordion-title\">\n\t<span class=\"qodef-tab-title\">\n\t\tRECEPTION E ACCOGLIENZA\t<\/span>\n\t<span class=\"qodef-accordion-mark\">\n\t\t<span class=\"qodef-icon--arrow-down\"><span class=\"qodef-icon-linea-icons icon-arrows-down\" ><\/span><\/span>\n\t\t<span class=\"qodef-icon--arrow-up\"><span class=\"qodef-icon-linea-icons icon-arrows-up\" ><\/span><\/span>\n\t<\/span>\n<\/h4>\n<div class=\"qodef-accordion-content\">\n\t<div class=\"qodef-accordion-content-inner\">\n\t\t<p class=\"p1\"><strong>CHECK-IN: dalle 15 alle 19<\/strong><\/p><p class=\"p1\"><strong>CHECK-OUT: entro le 10<\/strong><\/p><p>\u00a0<\/p><p class=\"p1\"><span class=\"s1\">Date le ridotte dimensioni della struttura, non \u00e8 presente una reception in loco 24h\/24. Per effettuare il check-in o per qualsiasi altra necessit\u00e0 vi preghiamo di contattarci tramite il nostro recapito telefonico (anche su whatsapp)...un membro dello staff sar\u00e0 sempre a vostra disposizione.<\/span><\/p><p>\u00a0<\/p><p class=\"p4\">Richieste di check-in e check-out al di fuori dell\u2019orario previsto vanno concordate in anticipo con la struttura. Faremo il possibile per venire incontro alle vostre esigenze. Generalmente non sono accettati arrivi dopo le ore 23.<\/p>\t<\/div>\n<\/div><h4 class=\"qodef-accordion-title\">\n\t<span class=\"qodef-tab-title\">\n\t\tCHECK-IN ONLINE e DOCUMENTI D\u2019IDENTITA\t<\/span>\n\t<span class=\"qodef-accordion-mark\">\n\t\t<span class=\"qodef-icon--arrow-down\"><span class=\"qodef-icon-linea-icons icon-arrows-down\" ><\/span><\/span>\n\t\t<span class=\"qodef-icon--arrow-up\"><span class=\"qodef-icon-linea-icons icon-arrows-up\" ><\/span><\/span>\n\t<\/span>\n<\/h4>\n<div class=\"qodef-accordion-content\">\n\t<div class=\"qodef-accordion-content-inner\">\n\t\t<p class=\"p1\">La legge italiana obbliga la struttura ricettiva a raccogliere e a comunicare alla Questura le generalit\u00e0 dei clienti al momento del check-in.<\/p><p>\u00a0<\/p><p class=\"p1\">All\u2019arrivo tutti ospiti dovranno quindi essere provvisti di documenti di riconoscimento in corso di validit\u00e0 e firmare il modulo per l\u2019autorizzazione al trattamento dei dati. Tutte le informazioni in nostro possesso verranno trattate in conformit\u00e0 con la vigente normativa della privacy.<\/p><p class=\"p1\">La non osservanza di tale obbligo costituisce violazione delle norme del codice penale e non ci permette di ospitarvi nella nostra struttura.<\/p><p>\u00a0<\/p><p class=\"p1\">Per cercare di agevolare il pi\u00f9 possibile le procedure e i tempi di check-in, sar\u00e0 possibile per i nostri ospiti compilare anticipatamente la scheda di registrazione collegandosi alla nostra online reception. Vi preghiamo di far corrispondere i dati inseriti nel modulo con i documenti originali che mostrerete al nostro personale all\u2019arrivo.<\/p>\t<\/div>\n<\/div><h4 class=\"qodef-accordion-title\">\n\t<span class=\"qodef-tab-title\">\n\t\tTASSA DI SOGGIORNO\t<\/span>\n\t<span class=\"qodef-accordion-mark\">\n\t\t<span class=\"qodef-icon--arrow-down\"><span class=\"qodef-icon-linea-icons icon-arrows-down\" ><\/span><\/span>\n\t\t<span class=\"qodef-icon--arrow-up\"><span class=\"qodef-icon-linea-icons icon-arrows-up\" ><\/span><\/span>\n\t<\/span>\n<\/h4>\n<div class=\"qodef-accordion-content\">\n\t<div class=\"qodef-accordion-content-inner\">\n\t\t<p class=\"p1\">1,50 \u20ac a persona a notte per un massimo di 5 giorni.<\/p><p class=\"p1\">Dal 1\u00b0 di marzo al 31 di ottobre il Comune di San Gimignano applica una tassa di soggiorno sui pernottamenti dei non residenti.<\/p><p class=\"p1\">L'intero importo dell\u2019imposta sar\u00e0 riscosso dalla struttura al momento del check-in e trasferito all'Amministrazione comunale.<\/p><p class=\"p1\">I bambini fino al compimento del 12\u00b0 anno di et\u00e0 sono esenti dal pagamento.<\/p>\t<\/div>\n<\/div><h4 class=\"qodef-accordion-title\">\n\t<span class=\"qodef-tab-title\">\n\t\tBAMBINI e LETTI SUPPLEMENTARI\t<\/span>\n\t<span class=\"qodef-accordion-mark\">\n\t\t<span class=\"qodef-icon--arrow-down\"><span class=\"qodef-icon-linea-icons icon-arrows-down\" ><\/span><\/span>\n\t\t<span class=\"qodef-icon--arrow-up\"><span class=\"qodef-icon-linea-icons icon-arrows-up\" ><\/span><\/span>\n\t<\/span>\n<\/h4>\n<div class=\"qodef-accordion-content\">\n\t<div class=\"qodef-accordion-content-inner\">\n\t\t<p class=\"p1\">I bambini di et\u00e0 inferiore ai 2 anni soggiornano gratuitamente usufruendo del lettino da campeggio, si prega di farne richiesta in fase di prenotazione.<\/p><p class=\"p1\">I bambini fino ai 6 anni possono soggiornare gratuitamente dormendo nel letto matrimoniale insieme ai genitori. Si raccomanda di avvertire in fase di prenotazione.<\/p><p class=\"p1\">Per i bambini di et\u00e0 superiore o in ogni caso, se si necessita di un letto supplementare, \u00e8 consigliato prenotare la Junior Suite nella configurazione di camera tripla. Gli ospiti potranno in questo modo soggiornare in un divano-letto, con un supplemento di 15\u20ac rispetto al prezzo della camera doppia. Per questioni di spazio, non \u00e8 possibile aggiungere letti supplementari all\u2019interno delle camere matrimoniali standard.<span class=\"Apple-converted-space\">\u00a0<\/span><\/p><p class=\"p1\">Per qualsiasi richiesta o chiarimento potete contattarci al nostro recapito telefonico.<\/p>\t<\/div>\n<\/div><h4 class=\"qodef-accordion-title\">\n\t<span class=\"qodef-tab-title\">\n\t\tCOLAZIONE\t<\/span>\n\t<span class=\"qodef-accordion-mark\">\n\t\t<span class=\"qodef-icon--arrow-down\"><span class=\"qodef-icon-linea-icons icon-arrows-down\" ><\/span><\/span>\n\t\t<span class=\"qodef-icon--arrow-up\"><span class=\"qodef-icon-linea-icons icon-arrows-up\" ><\/span><\/span>\n\t<\/span>\n<\/h4>\n<div class=\"qodef-accordion-content\">\n\t<div class=\"qodef-accordion-content-inner\">\n\t\t<p class=\"p1\">La colazione non \u00e8 compresa nel prezzo della camera. \u00c8 possibile richiederla come servizio extra in fase di prenotazione e pu\u00f2 essere effettuata presso il Bar le Torri, nella splendida cornice di piazza del Duomo.<\/p>\t<\/div>\n<\/div><h4 class=\"qodef-accordion-title\">\n\t<span class=\"qodef-tab-title\">\n\t\tMETODI DI PAGAMENTO e GARANZIA\t<\/span>\n\t<span class=\"qodef-accordion-mark\">\n\t\t<span class=\"qodef-icon--arrow-down\"><span class=\"qodef-icon-linea-icons icon-arrows-down\" ><\/span><\/span>\n\t\t<span class=\"qodef-icon--arrow-up\"><span class=\"qodef-icon-linea-icons icon-arrows-up\" ><\/span><\/span>\n\t<\/span>\n<\/h4>\n<div class=\"qodef-accordion-content\">\n\t<div class=\"qodef-accordion-content-inner\">\n\t\t<p class=\"p1\">Sono accettati pagamenti in contanti o con carta di credito<\/p><p class=\"p1\">Carte accettate: Visa, Mastercard, Maestro, JCB, UnionPay, Pagobancomat<\/p><p>\u00a0<\/p><p class=\"p1\">In fase di prenotazione verranno chiesti a garanzia i dati di una carta di credito. Al termine del periodo di cancellazione gratuita, in linea con la nuova direttiva europea Psd2, sulla sicurezza dei servizi di pagamento, verr\u00e0 inviato un link per richiedere l\u2019autorizzazione a due fattori necessaria alla struttura per addebitare eventuali penali di cancellazione. Se il cliente nega l\u2019autorizzazione senza fornire un metodo di garanzia alternativo, la prenotazione viene considerata annullata e la struttura si riserva il diritto di rimettere in vendita la camera. Se si preferisce fornire un metodo di pagamento alternativo \u00e8 possibile contattarci telefonicamente o tramite mail all\u2019indirizzo: <a href=\"mailto:locandasangi@gmail.com\"><span class=\"s1\">locandasangi@gmail.com<\/span><\/a><\/p>\t<\/div>\n<\/div><h4 class=\"qodef-accordion-title\">\n\t<span class=\"qodef-tab-title\">\n\t\tFATTURAZIONE\t<\/span>\n\t<span class=\"qodef-accordion-mark\">\n\t\t<span class=\"qodef-icon--arrow-down\"><span class=\"qodef-icon-linea-icons icon-arrows-down\" ><\/span><\/span>\n\t\t<span class=\"qodef-icon--arrow-up\"><span class=\"qodef-icon-linea-icons icon-arrows-up\" ><\/span><\/span>\n\t<\/span>\n<\/h4>\n<div class=\"qodef-accordion-content\">\n\t<div class=\"qodef-accordion-content-inner\">\n\t\t<p class=\"p1\">La richiesta di fatturazione elettronica dovr\u00e0 essere specificata in fase di prenotazione comunicando alla struttura tutti i dati necessari: cognome e nome o ragione sociale, partita IVA o codice fiscale, codice sdi o PEC.<span class=\"Apple-converted-space\">\u00a0<\/span><\/p>\t<\/div>\n<\/div><h4 class=\"qodef-accordion-title\">\n\t<span class=\"qodef-tab-title\">\n\t\tACCESSIBILITA\u2019\t<\/span>\n\t<span class=\"qodef-accordion-mark\">\n\t\t<span class=\"qodef-icon--arrow-down\"><span class=\"qodef-icon-linea-icons icon-arrows-down\" ><\/span><\/span>\n\t\t<span class=\"qodef-icon--arrow-up\"><span class=\"qodef-icon-linea-icons icon-arrows-up\" ><\/span><\/span>\n\t<\/span>\n<\/h4>\n<div class=\"qodef-accordion-content\">\n\t<div class=\"qodef-accordion-content-inner\">\n\t\t<p class=\"p1\">Vi preghiamo di tenere presente che l\u2019affittacamere \u00e8 posizionato al 1\u00b0 piano di un palazzo storico con barriere architettoniche. Per accedere \u00e8 necessario salire una piccola rampa di 20 scalini. Non \u00e8 presente ascensore.<\/p><p class=\"p1\">Parcheggio invalidi: per le persone munite di regolare tesserino d\u2019invalidit\u00e0, \u00e8 possibile accedere e parcheggiare all\u2019interno della ZTL nelle aree contrassegnate. Ovviamente si tratta di posti pubblici, la struttura non pu\u00f2 garantirne la disponibilit\u00e0.<\/p><p>\u00a0<\/p><p class=\"p1\">\u00c8 comunque possibile parcheggiare gratuitamente presso i parcheggi a pagamento del comune di San Gimignano. Il parcheggio pi\u00f9 vicino \u00e8 il P2 (400 mt).<\/p>\t<\/div>\n<\/div><h4 class=\"qodef-accordion-title\">\n\t<span class=\"qodef-tab-title\">\n\t\tANIMALI\t<\/span>\n\t<span class=\"qodef-accordion-mark\">\n\t\t<span class=\"qodef-icon--arrow-down\"><span class=\"qodef-icon-linea-icons icon-arrows-down\" ><\/span><\/span>\n\t\t<span class=\"qodef-icon--arrow-up\"><span class=\"qodef-icon-linea-icons icon-arrows-up\" ><\/span><\/span>\n\t<\/span>\n<\/h4>\n<div class=\"qodef-accordion-content\">\n\t<div class=\"qodef-accordion-content-inner\">\n\t\t<p class=\"p1\">Sono ammessi animali di piccola taglia, previo consenso da parte della struttura. Non \u00e8 previsto alcun supplemento.<\/p>\t<\/div>\n<\/div><h4 class=\"qodef-accordion-title\">\n\t<span class=\"qodef-tab-title\">\n\t\tVIETATO FUMARE\t<\/span>\n\t<span class=\"qodef-accordion-mark\">\n\t\t<span class=\"qodef-icon--arrow-down\"><span class=\"qodef-icon-linea-icons icon-arrows-down\" ><\/span><\/span>\n\t\t<span class=\"qodef-icon--arrow-up\"><span class=\"qodef-icon-linea-icons icon-arrows-up\" ><\/span><\/span>\n\t<\/span>\n<\/h4>\n<div class=\"qodef-accordion-content\">\n\t<div class=\"qodef-accordion-content-inner\">\n\t\t<p class=\"p1\"><b>\u00c8 VIETATO FUMARE ALL\u2019INTERNO DELLE CAMERE.<\/b><\/p>\t<\/div>\n<\/div><\/div>\t\t<\/div>\n\t\t\t\t<\/div>\n\t\t\t\t\t<\/div>\n\t\t<\/div>\n\t\t\t\t\t\t\t<\/div>\n\t\t<\/section>\n\t\t\t\t\t\t<\/div>\n\t\t\t\t\t<\/div>\n\t\t","protected":false},"excerpt":{"rendered":"<p>SERVIZI E POLICY RECEPTION E ACCOGLIENZA CHECK-IN: dalle 15 alle 19 CHECK-OUT: entro le 10 Date le ridotte dimensioni della struttura, non \u00e8 presente una reception in loco 24h\/24. Per effettuare il check-in o per qualsiasi altra necessit\u00e0 vi preghiamo di contattarci tramite il nostro recapito telefonico (anche su whatsapp)&#8230;un membro dello staff sar\u00e0 sempre [&hellip;]<\/p>\n","protected":false},"author":1,"featured_media":0,"parent":0,"menu_order":0,"comment_status":"closed","ping_status":"closed","template":"page-full-width.php","meta":{"footnotes":""},"class_list":["post-5958","page","type-page","status-publish","hentry"],"yoast_head":"<!-- This site is optimized with the Yoast SEO plugin v24.6 - https:\/\/yoast.com\/wordpress\/plugins\/seo\/ -->\n<title>Info &amp; Booking - La Locanda di Quercecchio Affittacamere<\/title>\n<meta name=\"description\" content=\"For info &amp; booking on rooms or apartments for rent in San Gimignano contact us, we will do our best to meet your needs.\" \/>\n<meta name=\"robots\" content=\"index, follow, max-snippet:-1, max-image-preview:large, max-video-preview:-1\" \/>\n<link rel=\"canonical\" href=\"https:\/\/www.sangiroom.it\/en\/info-and-booking\/\" \/>\n<meta property=\"og:locale\" content=\"en_US\" \/>\n<meta property=\"og:type\" content=\"article\" \/>\n<meta property=\"og:title\" content=\"Info &amp; Booking - La Locanda di Quercecchio Affittacamere\" \/>\n<meta property=\"og:description\" content=\"For info &amp; booking on rooms or apartments for rent in San Gimignano contact us, we will do our best to meet your needs.\" \/>\n<meta property=\"og:url\" content=\"https:\/\/www.sangiroom.it\/en\/info-and-booking\/\" \/>\n<meta property=\"og:site_name\" content=\"La Locanda di Quercecchio Affittacamere\" \/>\n<meta property=\"article:modified_time\" content=\"2021-07-27T08:02:51+00:00\" \/>\n<meta name=\"twitter:card\" content=\"summary_large_image\" \/>\n<meta name=\"twitter:label1\" content=\"Est. reading time\" \/>\n\t<meta name=\"twitter:data1\" content=\"4 minutes\" \/>\n<script type=\"application\/ld+json\" class=\"yoast-schema-graph\">{\"@context\":\"https:\/\/schema.org\",\"@graph\":[{\"@type\":\"WebPage\",\"@id\":\"https:\/\/www.sangiroom.it\/en\/info-and-booking\/\",\"url\":\"https:\/\/www.sangiroom.it\/en\/info-and-booking\/\",\"name\":\"Info & Booking - La Locanda di Quercecchio Affittacamere\",\"isPartOf\":{\"@id\":\"https:\/\/www.sangiroom.it\/en\/#website\"},\"datePublished\":\"2020-04-01T09:13:11+00:00\",\"dateModified\":\"2021-07-27T08:02:51+00:00\",\"description\":\"For info & booking on rooms or apartments for rent in San Gimignano contact us, we will do our best to meet your needs.\",\"breadcrumb\":{\"@id\":\"https:\/\/www.sangiroom.it\/en\/info-and-booking\/#breadcrumb\"},\"inLanguage\":\"en-US\",\"potentialAction\":[{\"@type\":\"ReadAction\",\"target\":[\"https:\/\/www.sangiroom.it\/en\/info-and-booking\/\"]}]},{\"@type\":\"BreadcrumbList\",\"@id\":\"https:\/\/www.sangiroom.it\/en\/info-and-booking\/#breadcrumb\",\"itemListElement\":[{\"@type\":\"ListItem\",\"position\":1,\"name\":\"Home\",\"item\":\"https:\/\/www.sangiroom.it\/en\/\"},{\"@type\":\"ListItem\",\"position\":2,\"name\":\"Info &#038; Booking\"}]},{\"@type\":\"WebSite\",\"@id\":\"https:\/\/www.sangiroom.it\/en\/#website\",\"url\":\"https:\/\/www.sangiroom.it\/en\/\",\"name\":\"La Locanda di Quercecchio Affittacamere\",\"description\":\"Camere e appartamenti in affitto a San Gimignano in Toscana\",\"publisher\":{\"@id\":\"https:\/\/www.sangiroom.it\/en\/#organization\"},\"potentialAction\":[{\"@type\":\"SearchAction\",\"target\":{\"@type\":\"EntryPoint\",\"urlTemplate\":\"https:\/\/www.sangiroom.it\/en\/?s={search_term_string}\"},\"query-input\":{\"@type\":\"PropertyValueSpecification\",\"valueRequired\":true,\"valueName\":\"search_term_string\"}}],\"inLanguage\":\"en-US\"},{\"@type\":\"Organization\",\"@id\":\"https:\/\/www.sangiroom.it\/en\/#organization\",\"name\":\"La Locanda di Quercecchio Affittacamere\",\"url\":\"https:\/\/www.sangiroom.it\/en\/\",\"logo\":{\"@type\":\"ImageObject\",\"inLanguage\":\"en-US\",\"@id\":\"https:\/\/www.sangiroom.it\/en\/#\/schema\/logo\/image\/\",\"url\":\"https:\/\/www.sangiroom.it\/wp-content\/uploads\/2021\/05\/logo-default.png\",\"contentUrl\":\"https:\/\/www.sangiroom.it\/wp-content\/uploads\/2021\/05\/logo-default.png\",\"width\":220,\"height\":220,\"caption\":\"La Locanda di Quercecchio Affittacamere\"},\"image\":{\"@id\":\"https:\/\/www.sangiroom.it\/en\/#\/schema\/logo\/image\/\"}}]}<\/script>\n<!-- \/ Yoast SEO plugin. -->","yoast_head_json":{"title":"Info & Booking - La Locanda di Quercecchio Affittacamere","description":"For info & booking on rooms or apartments for rent in San Gimignano contact us, we will do our best to meet your needs.","robots":{"index":"index","follow":"follow","max-snippet":"max-snippet:-1","max-image-preview":"max-image-preview:large","max-video-preview":"max-video-preview:-1"},"canonical":"https:\/\/www.sangiroom.it\/en\/info-and-booking\/","og_locale":"en_US","og_type":"article","og_title":"Info & Booking - La Locanda di Quercecchio Affittacamere","og_description":"For info & booking on rooms or apartments for rent in San Gimignano contact us, we will do our best to meet your needs.","og_url":"https:\/\/www.sangiroom.it\/en\/info-and-booking\/","og_site_name":"La Locanda di Quercecchio Affittacamere","article_modified_time":"2021-07-27T08:02:51+00:00","twitter_card":"summary_large_image","twitter_misc":{"Est. reading time":"4 minutes"},"schema":{"@context":"https:\/\/schema.org","@graph":[{"@type":"WebPage","@id":"https:\/\/www.sangiroom.it\/en\/info-and-booking\/","url":"https:\/\/www.sangiroom.it\/en\/info-and-booking\/","name":"Info & Booking - La Locanda di Quercecchio Affittacamere","isPartOf":{"@id":"https:\/\/www.sangiroom.it\/en\/#website"},"datePublished":"2020-04-01T09:13:11+00:00","dateModified":"2021-07-27T08:02:51+00:00","description":"For info & booking on rooms or apartments for rent in San Gimignano contact us, we will do our best to meet your needs.","breadcrumb":{"@id":"https:\/\/www.sangiroom.it\/en\/info-and-booking\/#breadcrumb"},"inLanguage":"en-US","potentialAction":[{"@type":"ReadAction","target":["https:\/\/www.sangiroom.it\/en\/info-and-booking\/"]}]},{"@type":"BreadcrumbList","@id":"https:\/\/www.sangiroom.it\/en\/info-and-booking\/#breadcrumb","itemListElement":[{"@type":"ListItem","position":1,"name":"Home","item":"https:\/\/www.sangiroom.it\/en\/"},{"@type":"ListItem","position":2,"name":"Info &#038; Booking"}]},{"@type":"WebSite","@id":"https:\/\/www.sangiroom.it\/en\/#website","url":"https:\/\/www.sangiroom.it\/en\/","name":"La Locanda di Quercecchio Affittacamere","description":"Camere e appartamenti in affitto a San Gimignano in Toscana","publisher":{"@id":"https:\/\/www.sangiroom.it\/en\/#organization"},"potentialAction":[{"@type":"SearchAction","target":{"@type":"EntryPoint","urlTemplate":"https:\/\/www.sangiroom.it\/en\/?s={search_term_string}"},"query-input":{"@type":"PropertyValueSpecification","valueRequired":true,"valueName":"search_term_string"}}],"inLanguage":"en-US"},{"@type":"Organization","@id":"https:\/\/www.sangiroom.it\/en\/#organization","name":"La Locanda di Quercecchio Affittacamere","url":"https:\/\/www.sangiroom.it\/en\/","logo":{"@type":"ImageObject","inLanguage":"en-US","@id":"https:\/\/www.sangiroom.it\/en\/#\/schema\/logo\/image\/","url":"https:\/\/www.sangiroom.it\/wp-content\/uploads\/2021\/05\/logo-default.png","contentUrl":"https:\/\/www.sangiroom.it\/wp-content\/uploads\/2021\/05\/logo-default.png","width":220,"height":220,"caption":"La Locanda di Quercecchio Affittacamere"},"image":{"@id":"https:\/\/www.sangiroom.it\/en\/#\/schema\/logo\/image\/"}}]}},"_links":{"self":[{"href":"https:\/\/www.sangiroom.it\/en\/wp-json\/wp\/v2\/pages\/5958","targetHints":{"allow":["GET"]}}],"collection":[{"href":"https:\/\/www.sangiroom.it\/en\/wp-json\/wp\/v2\/pages"}],"about":[{"href":"https:\/\/www.sangiroom.it\/en\/wp-json\/wp\/v2\/types\/page"}],"author":[{"embeddable":true,"href":"https:\/\/www.sangiroom.it\/en\/wp-json\/wp\/v2\/users\/1"}],"replies":[{"embeddable":true,"href":"https:\/\/www.sangiroom.it\/en\/wp-json\/wp\/v2\/comments?post=5958"}],"version-history":[{"count":2,"href":"https:\/\/www.sangiroom.it\/en\/wp-json\/wp\/v2\/pages\/5958\/revisions"}],"predecessor-version":[{"id":5996,"href":"https:\/\/www.sangiroom.it\/en\/wp-json\/wp\/v2\/pages\/5958\/revisions\/5996"}],"wp:attachment":[{"href":"https:\/\/www.sangiroom.it\/en\/wp-json\/wp\/v2\/media?parent=5958"}],"curies":[{"name":"wp","href":"https:\/\/api.w.org\/{rel}","templated":true}]}}